{"id":55,"date":"2014-09-12T12:50:21","date_gmt":"2014-09-12T12:50:21","guid":{"rendered":"http:\/\/test1.feirol.eu\/?page_id=55"},"modified":"2016-02-08T19:11:08","modified_gmt":"2016-02-08T19:11:08","slug":"about-us","status":"publish","type":"page","link":"https:\/\/profikaabel.ee\/en\/about-us\/","title":{"rendered":"About Us"},"content":{"rendered":"","protected":false},"excerpt":{"rendered":"","protected":false},"author":2,"featured_media":0,"parent":0,"menu_order":0,"comment_status":"open","ping_status":"closed","template":"templates\/information.php","meta":{"_acf_changed":false,"footnotes":""},"class_list":["post-55","page","type-page","status-publish","hentry"],"acf":[],"yoast_head":"<!-- This site is optimized with the Yoast SEO plugin v27.1.1 - https:\/\/yoast.com\/product\/yoast-seo-wordpress\/ -->\n<title>- Profikaabel.ee<\/title>\n<meta name=\"description\" content=\"#Otsid professionaalsust ja seda hea hinnaga? Siis tulid \u00f5igesse kohta, profikaabel aitab h\u00e4dast v\u00e4lja. Siit leiad meie veebilehe kohta vajaliku info.\" \/>\n<meta name=\"robots\" content=\"index, follow, max-snippet:-1, max-image-preview:large, max-video-preview:-1\" \/>\n<link rel=\"canonical\" href=\"https:\/\/profikaabel.ee\/en\/about-us\/\" \/>\n<meta property=\"og:locale\" content=\"en_US\" \/>\n<meta property=\"og:type\" content=\"article\" \/>\n<meta property=\"og:title\" content=\"- Profikaabel.ee\" \/>\n<meta property=\"og:description\" content=\"#Otsid professionaalsust ja seda hea hinnaga? Siis tulid \u00f5igesse kohta, profikaabel aitab h\u00e4dast v\u00e4lja. Siit leiad meie veebilehe kohta vajaliku info.\" \/>\n<meta property=\"og:url\" content=\"https:\/\/profikaabel.ee\/en\/about-us\/\" \/>\n<meta property=\"og:site_name\" content=\"Profikaabel.ee\" \/>\n<meta property=\"article:publisher\" content=\"https:\/\/www.facebook.com\/Feirol.eu\" \/>\n<meta property=\"article:modified_time\" content=\"2016-02-08T19:11:08+00:00\" \/>\n<script type=\"application\/ld+json\" class=\"yoast-schema-graph\">{\"@context\":\"https:\/\/schema.org\",\"@graph\":[{\"@type\":\"WebPage\",\"@id\":\"https:\/\/profikaabel.ee\/en\/about-us\/\",\"url\":\"https:\/\/profikaabel.ee\/en\/about-us\/\",\"name\":\"- Profikaabel.ee\",\"isPartOf\":{\"@id\":\"https:\/\/profikaabel.ee\/en\/#website\"},\"datePublished\":\"2014-09-12T12:50:21+00:00\",\"dateModified\":\"2016-02-08T19:11:08+00:00\",\"description\":\"#Otsid professionaalsust ja seda hea hinnaga? Siis tulid \u00f5igesse kohta, profikaabel aitab h\u00e4dast v\u00e4lja. Siit leiad meie veebilehe kohta vajaliku info.\",\"breadcrumb\":{\"@id\":\"https:\/\/profikaabel.ee\/en\/about-us\/#breadcrumb\"},\"inLanguage\":\"en-US\",\"potentialAction\":[{\"@type\":\"ReadAction\",\"target\":[\"https:\/\/profikaabel.ee\/en\/about-us\/\"]}]},{\"@type\":\"BreadcrumbList\",\"@id\":\"https:\/\/profikaabel.ee\/en\/about-us\/#breadcrumb\",\"itemListElement\":[{\"@type\":\"ListItem\",\"position\":1,\"name\":\"Home\",\"item\":\"https:\/\/profikaabel.ee\/en\/\"},{\"@type\":\"ListItem\",\"position\":2,\"name\":\"About Us\"}]},{\"@type\":\"WebSite\",\"@id\":\"https:\/\/profikaabel.ee\/en\/#website\",\"url\":\"https:\/\/profikaabel.ee\/en\/\",\"name\":\"Profikaabel.ee\",\"description\":\"\",\"publisher\":{\"@id\":\"https:\/\/profikaabel.ee\/en\/#organization\"},\"potentialAction\":[{\"@type\":\"SearchAction\",\"target\":{\"@type\":\"EntryPoint\",\"urlTemplate\":\"https:\/\/profikaabel.ee\/en\/?s={search_term_string}\"},\"query-input\":{\"@type\":\"PropertyValueSpecification\",\"valueRequired\":true,\"valueName\":\"search_term_string\"}}],\"inLanguage\":\"en-US\"},{\"@type\":\"Organization\",\"@id\":\"https:\/\/profikaabel.ee\/en\/#organization\",\"name\":\"Profikaabel.ee\",\"url\":\"https:\/\/profikaabel.ee\/en\/\",\"logo\":{\"@type\":\"ImageObject\",\"inLanguage\":\"en-US\",\"@id\":\"https:\/\/profikaabel.ee\/en\/#\/schema\/logo\/image\/\",\"url\":\"https:\/\/profikaabel.ee\/wp-content\/uploads\/2023\/04\/Feirol_FinalFiles-Ver1.jpg\",\"contentUrl\":\"https:\/\/profikaabel.ee\/wp-content\/uploads\/2023\/04\/Feirol_FinalFiles-Ver1.jpg\",\"width\":432,\"height\":216,\"caption\":\"Profikaabel.ee\"},\"image\":{\"@id\":\"https:\/\/profikaabel.ee\/en\/#\/schema\/logo\/image\/\"},\"sameAs\":[\"https:\/\/www.facebook.com\/Feirol.eu\"]}]}<\/script>\n<!-- \/ Yoast SEO plugin. -->","yoast_head_json":{"title":"- Profikaabel.ee","description":"#Otsid professionaalsust ja seda hea hinnaga? Siis tulid \u00f5igesse kohta, profikaabel aitab h\u00e4dast v\u00e4lja. Siit leiad meie veebilehe kohta vajaliku info.","robots":{"index":"index","follow":"follow","max-snippet":"max-snippet:-1","max-image-preview":"max-image-preview:large","max-video-preview":"max-video-preview:-1"},"canonical":"https:\/\/profikaabel.ee\/en\/about-us\/","og_locale":"en_US","og_type":"article","og_title":"- Profikaabel.ee","og_description":"#Otsid professionaalsust ja seda hea hinnaga? Siis tulid \u00f5igesse kohta, profikaabel aitab h\u00e4dast v\u00e4lja. Siit leiad meie veebilehe kohta vajaliku info.","og_url":"https:\/\/profikaabel.ee\/en\/about-us\/","og_site_name":"Profikaabel.ee","article_publisher":"https:\/\/www.facebook.com\/Feirol.eu","article_modified_time":"2016-02-08T19:11:08+00:00","schema":{"@context":"https:\/\/schema.org","@graph":[{"@type":"WebPage","@id":"https:\/\/profikaabel.ee\/en\/about-us\/","url":"https:\/\/profikaabel.ee\/en\/about-us\/","name":"- Profikaabel.ee","isPartOf":{"@id":"https:\/\/profikaabel.ee\/en\/#website"},"datePublished":"2014-09-12T12:50:21+00:00","dateModified":"2016-02-08T19:11:08+00:00","description":"#Otsid professionaalsust ja seda hea hinnaga? Siis tulid \u00f5igesse kohta, profikaabel aitab h\u00e4dast v\u00e4lja. Siit leiad meie veebilehe kohta vajaliku info.","breadcrumb":{"@id":"https:\/\/profikaabel.ee\/en\/about-us\/#breadcrumb"},"inLanguage":"en-US","potentialAction":[{"@type":"ReadAction","target":["https:\/\/profikaabel.ee\/en\/about-us\/"]}]},{"@type":"BreadcrumbList","@id":"https:\/\/profikaabel.ee\/en\/about-us\/#breadcrumb","itemListElement":[{"@type":"ListItem","position":1,"name":"Home","item":"https:\/\/profikaabel.ee\/en\/"},{"@type":"ListItem","position":2,"name":"About Us"}]},{"@type":"WebSite","@id":"https:\/\/profikaabel.ee\/en\/#website","url":"https:\/\/profikaabel.ee\/en\/","name":"Profikaabel.ee","description":"","publisher":{"@id":"https:\/\/profikaabel.ee\/en\/#organization"},"potentialAction":[{"@type":"SearchAction","target":{"@type":"EntryPoint","urlTemplate":"https:\/\/profikaabel.ee\/en\/?s={search_term_string}"},"query-input":{"@type":"PropertyValueSpecification","valueRequired":true,"valueName":"search_term_string"}}],"inLanguage":"en-US"},{"@type":"Organization","@id":"https:\/\/profikaabel.ee\/en\/#organization","name":"Profikaabel.ee","url":"https:\/\/profikaabel.ee\/en\/","logo":{"@type":"ImageObject","inLanguage":"en-US","@id":"https:\/\/profikaabel.ee\/en\/#\/schema\/logo\/image\/","url":"https:\/\/profikaabel.ee\/wp-content\/uploads\/2023\/04\/Feirol_FinalFiles-Ver1.jpg","contentUrl":"https:\/\/profikaabel.ee\/wp-content\/uploads\/2023\/04\/Feirol_FinalFiles-Ver1.jpg","width":432,"height":216,"caption":"Profikaabel.ee"},"image":{"@id":"https:\/\/profikaabel.ee\/en\/#\/schema\/logo\/image\/"},"sameAs":["https:\/\/www.facebook.com\/Feirol.eu"]}]}},"jetpack_sharing_enabled":true,"_links":{"self":[{"href":"https:\/\/profikaabel.ee\/en\/wp-json\/wp\/v2\/pages\/55","targetHints":{"allow":["GET"]}}],"collection":[{"href":"https:\/\/profikaabel.ee\/en\/wp-json\/wp\/v2\/pages"}],"about":[{"href":"https:\/\/profikaabel.ee\/en\/wp-json\/wp\/v2\/types\/page"}],"author":[{"embeddable":true,"href":"https:\/\/profikaabel.ee\/en\/wp-json\/wp\/v2\/users\/2"}],"replies":[{"embeddable":true,"href":"https:\/\/profikaabel.ee\/en\/wp-json\/wp\/v2\/comments?post=55"}],"version-history":[{"count":11,"href":"https:\/\/profikaabel.ee\/en\/wp-json\/wp\/v2\/pages\/55\/revisions"}],"predecessor-version":[{"id":2007,"href":"https:\/\/profikaabel.ee\/en\/wp-json\/wp\/v2\/pages\/55\/revisions\/2007"}],"wp:attachment":[{"href":"https:\/\/profikaabel.ee\/en\/wp-json\/wp\/v2\/media?parent=55"}],"curies":[{"name":"wp","href":"https:\/\/api.w.org\/{rel}","templated":true}]}}