{"id":54,"date":"2014-09-11T13:29:28","date_gmt":"2014-09-11T13:29:28","guid":{"rendered":"http:\/\/test1.feirol.eu\/?page_id=54"},"modified":"2014-09-11T13:29:28","modified_gmt":"2014-09-11T13:29:28","slug":"wishlist","status":"publish","type":"page","link":"https:\/\/profikaabel.ee\/en\/wishlist\/","title":{"rendered":"Wishlist"},"content":{"rendered":"<!-- <div id=\"yith-wcwl-messages\"><\/div> -->\n\n<form id=\"yith-wcwl-form\" action=\"https:\/\/profikaabel.ee\/en\/wishlist\/\" method=\"post\" class=\"woocommerce\">\n\n    <input type=\"hidden\" id=\"yith_wcwl_form_nonce\" name=\"yith_wcwl_form_nonce\" value=\"207f908669\" \/><input type=\"hidden\" name=\"_wp_http_referer\" value=\"\/en\/wp-json\/wp\/v2\/pages\/54\" \/>\n    <!-- TITLE -->\n            <div class=\"wishlist-title \">\n            <h2>My Wishlist<\/h2>                    <\/div>\n            \n    <!-- WISHLIST TABLE -->\n\t<table class=\"shop_table cart wishlist_table\" data-pagination=\"no\" data-per-page=\"5\" data-page=\"1\" data-id=\"\" data-token=\"\">\n\n\t    \n        <thead>\n        <tr>\n\t        \n\t        \t\t        <th class=\"product-remove\"><\/th>\n\t        \n            <th class=\"product-thumbnail\"><\/th>\n\n            <th class=\"product-name\">\n                <span class=\"nobr\">Product<\/span>\n            <\/th>\n\n            \n                <th class=\"product-price\">\n                    <span class=\"nobr\">\n                        Price                    <\/span>\n                <\/th>\n\n            \n            \n            \n                <th class=\"product-add-to-cart\"><\/th>\n\n                    <\/tr>\n        <\/thead>\n\n        <tbody>\n                    <tr>\n                <td colspan=\"5\" class=\"wishlist-empty\">No products were added to the wishlist<\/td>\n            <\/tr>\n                <\/tbody>\n<!--\n        <tfoot>\n        <tr>\n\t        <td colspan=\"5\">\n\t            \n\t            \n\t\t        \t        <\/td>\n        <\/tr>\n        <\/tfoot>\n-->\n    <\/table>\n\n    <input type=\"hidden\" id=\"yith_wcwl_edit_wishlist\" name=\"yith_wcwl_edit_wishlist\" value=\"7671e130df\" \/><input type=\"hidden\" name=\"_wp_http_referer\" value=\"\/en\/wp-json\/wp\/v2\/pages\/54\" \/>\n    \n    \n<\/form>\n\n\n\n","protected":false},"excerpt":{"rendered":"","protected":false},"author":2,"featured_media":0,"parent":0,"menu_order":0,"comment_status":"closed","ping_status":"open","template":"","meta":{"_acf_changed":false,"footnotes":""},"class_list":["post-54","page","type-page","status-publish","hentry"],"acf":[],"yoast_head":"<!-- This site is optimized with the Yoast SEO plugin v27.1.1 - https:\/\/yoast.com\/product\/yoast-seo-wordpress\/ -->\n<title>- Profikaabel.ee<\/title>\n<meta name=\"description\" content=\"#Otsid professionaalsust ja seda hea hinnaga? Siis tulid \u00f5igesse kohta, profikaabel aitab h\u00e4dast v\u00e4lja. Siit leiad meie veebilehe kohta vajaliku info.\" \/>\n<meta name=\"robots\" content=\"index, follow, max-snippet:-1, max-image-preview:large, max-video-preview:-1\" \/>\n<link rel=\"canonical\" href=\"https:\/\/profikaabel.ee\/en\/wishlist\/\" \/>\n<meta property=\"og:locale\" content=\"en_US\" \/>\n<meta property=\"og:type\" content=\"article\" \/>\n<meta property=\"og:title\" content=\"- Profikaabel.ee\" \/>\n<meta property=\"og:description\" content=\"#Otsid professionaalsust ja seda hea hinnaga? Siis tulid \u00f5igesse kohta, profikaabel aitab h\u00e4dast v\u00e4lja. Siit leiad meie veebilehe kohta vajaliku info.\" \/>\n<meta property=\"og:url\" content=\"https:\/\/profikaabel.ee\/en\/wishlist\/\" \/>\n<meta property=\"og:site_name\" content=\"Profikaabel.ee\" \/>\n<meta property=\"article:publisher\" content=\"https:\/\/www.facebook.com\/Feirol.eu\" \/>\n<script type=\"application\/ld+json\" class=\"yoast-schema-graph\">{\"@context\":\"https:\/\/schema.org\",\"@graph\":[{\"@type\":\"WebPage\",\"@id\":\"https:\/\/profikaabel.ee\/en\/wishlist\/\",\"url\":\"https:\/\/profikaabel.ee\/en\/wishlist\/\",\"name\":\"- Profikaabel.ee\",\"isPartOf\":{\"@id\":\"https:\/\/profikaabel.ee\/en\/#website\"},\"datePublished\":\"2014-09-11T13:29:28+00:00\",\"description\":\"#Otsid professionaalsust ja seda hea hinnaga? Siis tulid \u00f5igesse kohta, profikaabel aitab h\u00e4dast v\u00e4lja. Siit leiad meie veebilehe kohta vajaliku info.\",\"breadcrumb\":{\"@id\":\"https:\/\/profikaabel.ee\/en\/wishlist\/#breadcrumb\"},\"inLanguage\":\"en-US\",\"potentialAction\":[{\"@type\":\"ReadAction\",\"target\":[\"https:\/\/profikaabel.ee\/en\/wishlist\/\"]}]},{\"@type\":\"BreadcrumbList\",\"@id\":\"https:\/\/profikaabel.ee\/en\/wishlist\/#breadcrumb\",\"itemListElement\":[{\"@type\":\"ListItem\",\"position\":1,\"name\":\"Home\",\"item\":\"https:\/\/profikaabel.ee\/en\/\"},{\"@type\":\"ListItem\",\"position\":2,\"name\":\"Wishlist\"}]},{\"@type\":\"WebSite\",\"@id\":\"https:\/\/profikaabel.ee\/en\/#website\",\"url\":\"https:\/\/profikaabel.ee\/en\/\",\"name\":\"Profikaabel.ee\",\"description\":\"\",\"publisher\":{\"@id\":\"https:\/\/profikaabel.ee\/en\/#organization\"},\"potentialAction\":[{\"@type\":\"SearchAction\",\"target\":{\"@type\":\"EntryPoint\",\"urlTemplate\":\"https:\/\/profikaabel.ee\/en\/?s={search_term_string}\"},\"query-input\":{\"@type\":\"PropertyValueSpecification\",\"valueRequired\":true,\"valueName\":\"search_term_string\"}}],\"inLanguage\":\"en-US\"},{\"@type\":\"Organization\",\"@id\":\"https:\/\/profikaabel.ee\/en\/#organization\",\"name\":\"Profikaabel.ee\",\"url\":\"https:\/\/profikaabel.ee\/en\/\",\"logo\":{\"@type\":\"ImageObject\",\"inLanguage\":\"en-US\",\"@id\":\"https:\/\/profikaabel.ee\/en\/#\/schema\/logo\/image\/\",\"url\":\"https:\/\/profikaabel.ee\/wp-content\/uploads\/2023\/04\/Feirol_FinalFiles-Ver1.jpg\",\"contentUrl\":\"https:\/\/profikaabel.ee\/wp-content\/uploads\/2023\/04\/Feirol_FinalFiles-Ver1.jpg\",\"width\":432,\"height\":216,\"caption\":\"Profikaabel.ee\"},\"image\":{\"@id\":\"https:\/\/profikaabel.ee\/en\/#\/schema\/logo\/image\/\"},\"sameAs\":[\"https:\/\/www.facebook.com\/Feirol.eu\"]}]}<\/script>\n<!-- \/ Yoast SEO plugin. -->","yoast_head_json":{"title":"- Profikaabel.ee","description":"#Otsid professionaalsust ja seda hea hinnaga? Siis tulid \u00f5igesse kohta, profikaabel aitab h\u00e4dast v\u00e4lja. Siit leiad meie veebilehe kohta vajaliku info.","robots":{"index":"index","follow":"follow","max-snippet":"max-snippet:-1","max-image-preview":"max-image-preview:large","max-video-preview":"max-video-preview:-1"},"canonical":"https:\/\/profikaabel.ee\/en\/wishlist\/","og_locale":"en_US","og_type":"article","og_title":"- Profikaabel.ee","og_description":"#Otsid professionaalsust ja seda hea hinnaga? Siis tulid \u00f5igesse kohta, profikaabel aitab h\u00e4dast v\u00e4lja. Siit leiad meie veebilehe kohta vajaliku info.","og_url":"https:\/\/profikaabel.ee\/en\/wishlist\/","og_site_name":"Profikaabel.ee","article_publisher":"https:\/\/www.facebook.com\/Feirol.eu","schema":{"@context":"https:\/\/schema.org","@graph":[{"@type":"WebPage","@id":"https:\/\/profikaabel.ee\/en\/wishlist\/","url":"https:\/\/profikaabel.ee\/en\/wishlist\/","name":"- Profikaabel.ee","isPartOf":{"@id":"https:\/\/profikaabel.ee\/en\/#website"},"datePublished":"2014-09-11T13:29:28+00:00","description":"#Otsid professionaalsust ja seda hea hinnaga? Siis tulid \u00f5igesse kohta, profikaabel aitab h\u00e4dast v\u00e4lja. Siit leiad meie veebilehe kohta vajaliku info.","breadcrumb":{"@id":"https:\/\/profikaabel.ee\/en\/wishlist\/#breadcrumb"},"inLanguage":"en-US","potentialAction":[{"@type":"ReadAction","target":["https:\/\/profikaabel.ee\/en\/wishlist\/"]}]},{"@type":"BreadcrumbList","@id":"https:\/\/profikaabel.ee\/en\/wishlist\/#breadcrumb","itemListElement":[{"@type":"ListItem","position":1,"name":"Home","item":"https:\/\/profikaabel.ee\/en\/"},{"@type":"ListItem","position":2,"name":"Wishlist"}]},{"@type":"WebSite","@id":"https:\/\/profikaabel.ee\/en\/#website","url":"https:\/\/profikaabel.ee\/en\/","name":"Profikaabel.ee","description":"","publisher":{"@id":"https:\/\/profikaabel.ee\/en\/#organization"},"potentialAction":[{"@type":"SearchAction","target":{"@type":"EntryPoint","urlTemplate":"https:\/\/profikaabel.ee\/en\/?s={search_term_string}"},"query-input":{"@type":"PropertyValueSpecification","valueRequired":true,"valueName":"search_term_string"}}],"inLanguage":"en-US"},{"@type":"Organization","@id":"https:\/\/profikaabel.ee\/en\/#organization","name":"Profikaabel.ee","url":"https:\/\/profikaabel.ee\/en\/","logo":{"@type":"ImageObject","inLanguage":"en-US","@id":"https:\/\/profikaabel.ee\/en\/#\/schema\/logo\/image\/","url":"https:\/\/profikaabel.ee\/wp-content\/uploads\/2023\/04\/Feirol_FinalFiles-Ver1.jpg","contentUrl":"https:\/\/profikaabel.ee\/wp-content\/uploads\/2023\/04\/Feirol_FinalFiles-Ver1.jpg","width":432,"height":216,"caption":"Profikaabel.ee"},"image":{"@id":"https:\/\/profikaabel.ee\/en\/#\/schema\/logo\/image\/"},"sameAs":["https:\/\/www.facebook.com\/Feirol.eu"]}]}},"jetpack_sharing_enabled":true,"_links":{"self":[{"href":"https:\/\/profikaabel.ee\/en\/wp-json\/wp\/v2\/pages\/54","targetHints":{"allow":["GET"]}}],"collection":[{"href":"https:\/\/profikaabel.ee\/en\/wp-json\/wp\/v2\/pages"}],"about":[{"href":"https:\/\/profikaabel.ee\/en\/wp-json\/wp\/v2\/types\/page"}],"author":[{"embeddable":true,"href":"https:\/\/profikaabel.ee\/en\/wp-json\/wp\/v2\/users\/2"}],"replies":[{"embeddable":true,"href":"https:\/\/profikaabel.ee\/en\/wp-json\/wp\/v2\/comments?post=54"}],"version-history":[{"count":0,"href":"https:\/\/profikaabel.ee\/en\/wp-json\/wp\/v2\/pages\/54\/revisions"}],"wp:attachment":[{"href":"https:\/\/profikaabel.ee\/en\/wp-json\/wp\/v2\/media?parent=54"}],"curies":[{"name":"wp","href":"https:\/\/api.w.org\/{rel}","templated":true}]}}